{"id":65,"date":"2021-01-13T09:54:22","date_gmt":"2021-01-13T09:54:22","guid":{"rendered":"https:\/\/asositzendorf.ac.at\/?page_id=65"},"modified":"2026-04-02T12:39:16","modified_gmt":"2026-04-02T12:39:16","slug":"nachmittagsbetreuung","status":"publish","type":"page","link":"https:\/\/asositzendorf.ac.at\/?page_id=65","title":{"rendered":"Nachmittagsbetreuung"},"content":{"rendered":"<h4><strong><img loading=\"lazy\" decoding=\"async\" class=\"alignnone size-full wp-image-442\" src=\"https:\/\/asositzendorf.ac.at\/wp-content\/uploads\/2023\/11\/NB-e1699547886788.jpg\" alt=\"\" width=\"1000\" height=\"722\" \/>NACHMITTAGSBETREUUNG\u00a0\u00a0<\/strong><\/h4>\n<p>Die Marktgemeinde Sitzendorf an der Schmida bietet eine Nachmittagsbetreuung in der ASO und der Volksschule an.<\/p>\n<p>Diese Nachmittagsbetreuung wird in Form einer ganzt\u00e4gigen Schulform gef\u00fchrt und findet in den R\u00e4umlichkeiten der ehemaligen Schulwartwohnung im unmittelbaren Anschluss an die Schule statt.<\/p>\n<p>Insgesamt werden ca. 45 Kinder von Montag bis Freitag von Unterrichtsende (ab 11.15 Uhr) bis sp\u00e4testens 17.00 Uhr betreut.<\/p>\n<p>Das Mittagessen ist \u00fcber die App &#8222;Book2eat&#8220; selbst zu bestellen.<\/p>\n<p>Die Gruppe der ASO Kinder wird von Frau Nicole Schmied betreut.<\/p>\n<p>Da, wie bereits erw\u00e4hnt, die Nachmittagsbetreuung in Form einer ganzt\u00e4gigen Schulform gef\u00fchrt wird, gibt es auch einen<\/p>\n<h5>fixen Tagesablauf:<\/h5>\n<table width=\"620\">\n<tbody>\n<tr>\n<td>Unterrichtsende bis 13.00 Uhr:<\/td>\n<td>Mittagessen, Spielen, Ausruhen<\/td>\n<\/tr>\n<tr>\n<td>13.30 Uhr bis 14.30 Uhr:<\/td>\n<td>Lernstunde (wird von den Lehrern der Volksschule abgehalten)<\/td>\n<\/tr>\n<tr>\n<td>14.30 Uhr bis 15.15 Uhr:<\/td>\n<td>Bewegung<\/td>\n<\/tr>\n<tr>\n<td>15.15 Uhr bis Abholung der Kinder:<\/td>\n<td>Spielen, Basteln<\/td>\n<\/tr>\n<\/tbody>\n<\/table>\n<h5>Breites Angebot zur Freizeitgestaltung:<\/h5>\n<p>F\u00fcr die Freizeitgestaltung werden viele M\u00f6glichkeiten im unmittelbaren Bereich in und um die Volksschule geboten:<\/p>\n<p>&#8222;Gr\u00fcne Klasse&#8220;: Der im Jahr 2006 in eine &#8222;gr\u00fcne Klasse&#8220; umgestaltete Schulhof steht zur Verf\u00fcgung.<\/p>\n<p>Spielplatz: Der im Jahr 2007 im Rahmen der N\u00d6 Spielplatz-F\u00f6rderung neu gestaltete \u00f6ffentliche Spielplatz steht ebenfalls zur Verf\u00fcgung.<\/p>\n<p>Turnsaal der Volksschule: Bei Schlechtwetter kann am Nachmittag jederzeit der Turnsaal ben\u00fctzt werden.<\/p>\n<p>Kunsteisbahn: Im Winter steht in unmittelbarer N\u00e4he\u00a0zur Volksschule die Kunsteisbahn f\u00fcr das Eislaufvergn\u00fcgen der Kinder bereit.<\/p>\n<p>Gr\u00fcnfl\u00e4che rund um die Schule: Das gro\u00dfz\u00fcgige Areal rund um die Schule kann f\u00fcr Ballspiele jederzeit genutzt werden.<\/p>\n<h5>Kosten:<\/h5>\n<p>1 Tag pro Woche und Kind \u00a0 \u00a0 \u00a0 \u00a0 \u00a0 \u00a0 \u20ac\u00a0 40,00\/Monat<br \/>\n2 Tage pro Woche und Kind \u00a0 \u00a0 \u00a0 \u00a0 \u00a0 \u20ac \u00a057,00\/Monat<br \/>\n3 Tage pro Woche und Kind \u00a0 \u00a0 \u00a0 \u00a0 \u00a0 \u20ac\u00a0 74,00\/Monat<br \/>\n4 Tage pro Woche und Kind \u00a0 \u00a0 \u00a0 \u00a0 \u00a0 \u20ac\u00a0 90,00\/Monat<br \/>\n5 Tage pro Woche und Kind \u00a0 \u00a0 \u00a0 \u00a0 \u00a0 \u20ac\u00a0 105,00\/Monat<\/p>\n<p>Mittagessen \u00a0 \u00a0 \u00a0 \u00a0 \u00a0 \u00a0 \u00a0 \u00a0 \u00a0 \u00a0 \u00a0 \u00a0 \u00a0 \u00a0 \u00a0 \u00a0 \u00a0 \u20ac \u00a0 4,60\/Mahlzeit<\/p>\n<p>Bastelbeitrag \u00a0 \u00a0 \u00a0 \u00a0 \u00a0 \u00a0 \u00a0 \u00a0 \u00a0 \u00a0 \u00a0 \u00a0 \u00a0 \u00a0 \u00a0 \u00a0 \u20ac 15,00\/Schuljahr<\/p>\n<p>&nbsp;<\/p>\n<p>Die Abrechnung erfolgt zweimonatlich im Nachhinein (Sep\/Okt, Nov\/Dez, J\u00e4n\/Feb, M\u00e4r\/Apr, Mai\/jun). Eine Abmeldung ist sp\u00e4testens 4 Wochen vor Ablauf des Abrechnungszeitraumes schriftlich beim Gemeindeamt (gemeinde@sitzendorf.at) einzubringen.<\/p>\n<p>Das Fernbleiben des Kindes an einem angemeldeten Tag ist umgehend der Schule mitzuteilen.<\/p>\n<p>Anmeldungen f\u00fcr die Nachmittagsbetreuung nimmt das Gemeindeamt der Marktgemeinde Sitzendorf an der Schmida entgegen.<\/p>\n","protected":false},"excerpt":{"rendered":"<p>NACHMITTAGSBETREUUNG\u00a0\u00a0 Die Marktgemeinde Sitzendorf an der Schmida bietet eine Nachmittagsbetreuung in der ASO und der Volksschule an. Diese Nachmittagsbetreuung wird in Form einer ganzt\u00e4gigen Schulform gef\u00fchrt und findet in den R\u00e4umlichkeiten der ehemaligen Schulwartwohnung im unmittelbaren Anschluss an die Schule statt. Insgesamt werden ca. 45 Kinder von Montag bis Freitag<\/p>\n","protected":false},"author":2,"featured_media":0,"parent":0,"menu_order":0,"comment_status":"closed","ping_status":"closed","template":"","meta":{"footnotes":""},"class_list":["post-65","page","type-page","status-publish","hentry"],"_links":{"self":[{"href":"https:\/\/asositzendorf.ac.at\/index.php?rest_route=\/wp\/v2\/pages\/65","targetHints":{"allow":["GET"]}}],"collection":[{"href":"https:\/\/asositzendorf.ac.at\/index.php?rest_route=\/wp\/v2\/pages"}],"about":[{"href":"https:\/\/asositzendorf.ac.at\/index.php?rest_route=\/wp\/v2\/types\/page"}],"author":[{"embeddable":true,"href":"https:\/\/asositzendorf.ac.at\/index.php?rest_route=\/wp\/v2\/users\/2"}],"replies":[{"embeddable":true,"href":"https:\/\/asositzendorf.ac.at\/index.php?rest_route=%2Fwp%2Fv2%2Fcomments&post=65"}],"version-history":[{"count":19,"href":"https:\/\/asositzendorf.ac.at\/index.php?rest_route=\/wp\/v2\/pages\/65\/revisions"}],"predecessor-version":[{"id":769,"href":"https:\/\/asositzendorf.ac.at\/index.php?rest_route=\/wp\/v2\/pages\/65\/revisions\/769"}],"wp:attachment":[{"href":"https:\/\/asositzendorf.ac.at\/index.php?rest_route=%2Fwp%2Fv2%2Fmedia&parent=65"}],"curies":[{"name":"wp","href":"https:\/\/api.w.org\/{rel}","templated":true}]}}