{"id":66,"date":"2021-01-13T09:54:22","date_gmt":"2021-01-13T09:54:22","guid":{"rendered":"https:\/\/asositzendorf.ac.at\/?page_id=66"},"modified":"2023-11-09T17:02:58","modified_gmt":"2023-11-09T17:02:58","slug":"elternverein","status":"publish","type":"page","link":"https:\/\/asositzendorf.ac.at\/?page_id=66","title":{"rendered":"Elternverein"},"content":{"rendered":"<p>Der Elternverein dient als Bindeglied zwischen Eltern und Schule.<\/p>\n<p>Zu den Aufgaben des Elternvereins z\u00e4hlen:<\/p>\n<ul>\n<li>Wahrung der Elternrechte<\/li>\n<li>Enge Zusammenarbeit mit Eltern, Direktoren, Lehrerinnen und Lehrern, um die Unterrichts- und Erziehungsarbeit der Schule zu f\u00f6rdern<\/li>\n<li>Beratung der Eltern bei Fragen, die das Schulgeschehen betreffen<\/li>\n<li>Hilfe und Unterst\u00fctzung f\u00fcr bed\u00fcrftige Sch\u00fclerinnen und Sch\u00fcler<\/li>\n<li>Durchf\u00fchrung von Veranstaltungen<\/li>\n<li>Unterst\u00fctzung der Aktivit\u00e4ten der Schulgemeinschaft<\/li>\n<\/ul>\n<p>Grunds\u00e4tzlich sind alle Eltern und sonstige Erziehungsberechtigte der Sch\u00fclerinnen und Sch\u00fcler Mitglieder im Elternverein.<\/p>\n<p>Der Elternverein f\u00fcr das Schuljahr 2023\/2024 setzt sich wie folgt zusammen:<\/p>\n<table width=\"699\">\n<tbody>\n<tr>\n<td width=\"158\">Obfrau<\/td>\n<td width=\"541\">Melanie Windisch<\/p>\n<p>3714 Sitzendorf, Neustift 14<\/p>\n<p>0660\/1990218<\/td>\n<\/tr>\n<tr>\n<td width=\"158\">Obfrau Stellvertreter<\/p>\n<p>&nbsp;<\/td>\n<td width=\"541\">Jasmin Speil, Frauendorf<\/p>\n<p>Anita Kamptner, Sitzendorf<\/td>\n<\/tr>\n<tr>\n<td width=\"158\">Schriftf\u00fchrer<\/td>\n<td width=\"541\">Simone Kurz, Roseldorf<\/td>\n<\/tr>\n<tr>\n<td width=\"158\">Schriftf\u00fchrer Stv.<\/td>\n<td width=\"541\">Jennifer K\u00f6ppel, Sitzendorf<\/td>\n<\/tr>\n<tr>\n<td width=\"158\">Kassier<\/td>\n<td width=\"541\">Bettina Jezek, Sitzendorf<\/td>\n<\/tr>\n<tr>\n<td width=\"158\">Kassier Stv.<\/td>\n<td width=\"541\">Daniela Schmiedl, Goggendorf<\/td>\n<\/tr>\n<tr>\n<td width=\"158\">Kassapr\u00fcfer<\/td>\n<td width=\"541\">Doris Wagner, Sitzendorf<\/p>\n<p>Shirley Raidl, Sitzendorf<\/td>\n<\/tr>\n<tr>\n<td width=\"158\">Beir\u00e4te<\/td>\n<td width=\"541\">Regina Luger, Braunsdorf<\/p>\n<p>Elisabeth Bernhard, Kleinkirchberg<\/p>\n<p>Katharina Lang, Niederschleinz<\/p>\n<p>Claudia Hummer, Frauendorf<\/p>\n<p>Monika Bauer, Glaubendorf<\/p>\n<p>Lucia Krenn, Frauendorf<\/p>\n<p>Marie Usch, Sitzendorf<\/p>\n<p>Anna Biribauer, Sitzendorf<\/p>\n<p>Birgit Hofbauer, Niederschleinz<\/p>\n<p>Sabine Semerad, Kleinkirchberg<\/p>\n<p>Daniela Hinteregger, Sitzendorf<\/td>\n<\/tr>\n<\/tbody>\n<\/table>\n<p><span style=\"font-size: 0.95em;\">Bei Anliegen bitte melden!<\/span><\/p>\n<p>Uns allen weiterhin eine gesunde, kommende Zeit!!<\/p>\n<p>Melanie Windisch<\/p>\n<p>&nbsp;<\/p>\n","protected":false},"excerpt":{"rendered":"<p>Der Elternverein dient als Bindeglied zwischen Eltern und Schule. Zu den Aufgaben des Elternvereins z\u00e4hlen: Wahrung der Elternrechte Enge Zusammenarbeit mit Eltern, Direktoren, Lehrerinnen und Lehrern, um die Unterrichts- und Erziehungsarbeit der Schule zu f\u00f6rdern Beratung der Eltern bei Fragen, die das Schulgeschehen betreffen Hilfe und Unterst\u00fctzung f\u00fcr bed\u00fcrftige Sch\u00fclerinnen<\/p>\n","protected":false},"author":2,"featured_media":0,"parent":0,"menu_order":0,"comment_status":"closed","ping_status":"closed","template":"","meta":{"footnotes":""},"class_list":["post-66","page","type-page","status-publish","hentry"],"_links":{"self":[{"href":"https:\/\/asositzendorf.ac.at\/index.php?rest_route=\/wp\/v2\/pages\/66","targetHints":{"allow":["GET"]}}],"collection":[{"href":"https:\/\/asositzendorf.ac.at\/index.php?rest_route=\/wp\/v2\/pages"}],"about":[{"href":"https:\/\/asositzendorf.ac.at\/index.php?rest_route=\/wp\/v2\/types\/page"}],"author":[{"embeddable":true,"href":"https:\/\/asositzendorf.ac.at\/index.php?rest_route=\/wp\/v2\/users\/2"}],"replies":[{"embeddable":true,"href":"https:\/\/asositzendorf.ac.at\/index.php?rest_route=%2Fwp%2Fv2%2Fcomments&post=66"}],"version-history":[{"count":9,"href":"https:\/\/asositzendorf.ac.at\/index.php?rest_route=\/wp\/v2\/pages\/66\/revisions"}],"predecessor-version":[{"id":453,"href":"https:\/\/asositzendorf.ac.at\/index.php?rest_route=\/wp\/v2\/pages\/66\/revisions\/453"}],"wp:attachment":[{"href":"https:\/\/asositzendorf.ac.at\/index.php?rest_route=%2Fwp%2Fv2%2Fmedia&parent=66"}],"curies":[{"name":"wp","href":"https:\/\/api.w.org\/{rel}","templated":true}]}}