{"id":760,"date":"2026-03-17T12:00:29","date_gmt":"2026-03-17T12:00:29","guid":{"rendered":"https:\/\/asositzendorf.ac.at\/?page_id=760"},"modified":"2026-03-17T12:00:29","modified_gmt":"2026-03-17T12:00:29","slug":"klassensprecherwahl-mk-5","status":"publish","type":"page","link":"https:\/\/asositzendorf.ac.at\/?page_id=760","title":{"rendered":"Klassensprecherwahl MK 5"},"content":{"rendered":"<p><b><span data-contrast=\"auto\">Klassensprecherwahl\u00a0in der MK5\u00a0\u2013 Gelebte Demokratie im Schulalltag\u00a0<\/span><\/b><span data-contrast=\"auto\">&#x1f5f3;<\/span><b><span data-contrast=\"auto\">&#xfe0f;<\/span><\/b><span data-ccp-props=\"{}\">\u00a0<\/span><\/p>\n<p><span data-contrast=\"auto\">Im\u00a0Oktober\u00a0lernte die MK5, was Wahlen in \u00d6sterreich bedeuten und warum sie f\u00fcr die Demokratie wichtig sind. Danach wurde besprochen,\u00a0<\/span><b><span data-contrast=\"auto\">welche Eigenschaften einen guten Klassensprecher ausmachen<\/span><\/b><span data-contrast=\"auto\">.\u00a0<\/span><span data-ccp-props=\"{}\">\u00a0<\/span><\/p>\n<p><span data-contrast=\"auto\">Die Sch\u00fclerinnen und Sch\u00fcler \u00fcberlegten, ob sie sich das Amt zutrauen, erstellten ein\u00a0<\/span><b><span data-contrast=\"auto\">eigenes Wahlprogramm<\/span><\/b><span data-contrast=\"auto\">\u00a0und gestalteten\u00a0<\/span><b><span data-contrast=\"auto\">Wahlplakate auf ihren Tablets<\/span><\/b><span data-contrast=\"auto\">.\u00a0In einer\u00a0<\/span><b><span data-contrast=\"auto\">Fragerunde<\/span><\/b><span data-contrast=\"auto\">\u00a0beantworteten die Kandidatinnen und Kandidaten die Fragen ihrer Mitsch\u00fcler.<\/span><span data-ccp-props=\"{}\">\u00a0<\/span><\/p>\n<p><span data-contrast=\"auto\">Am\u00a0<\/span><b><span data-contrast=\"auto\">Wahltag<\/span><\/b><span data-contrast=\"auto\">\u00a0lief alles wie bei einer echten Wahl: mit\u00a0<\/span><b><span data-contrast=\"auto\">W\u00e4hlerverzeichnis, Wahlkabine, Urne und Ausz\u00e4hlung<\/span><\/b><span data-contrast=\"auto\">. Die gew\u00e4hlte Klassensprecherin\u00a0und ihr Stellvertreter\u00a0nahmen ihr Amt feierlich an und\u00a0legten sofort mit ihrer Arbeit los.<\/span><span data-ccp-props=\"{}\">\u00a0<\/span><img loading=\"lazy\" decoding=\"async\" class=\"alignnone size-full wp-image-761\" src=\"https:\/\/asositzendorf.ac.at\/wp-content\/uploads\/2026\/03\/MK-5-Klassensprecherwahl.png\" alt=\"\" width=\"1008\" height=\"715\" srcset=\"https:\/\/asositzendorf.ac.at\/wp-content\/uploads\/2026\/03\/MK-5-Klassensprecherwahl.png 1008w, https:\/\/asositzendorf.ac.at\/wp-content\/uploads\/2026\/03\/MK-5-Klassensprecherwahl-300x213.png 300w, https:\/\/asositzendorf.ac.at\/wp-content\/uploads\/2026\/03\/MK-5-Klassensprecherwahl-768x545.png 768w\" sizes=\"auto, (max-width: 1008px) 100vw, 1008px\" \/><\/p>\n","protected":false},"excerpt":{"rendered":"<p>Klassensprecherwahl\u00a0in der MK5\u00a0\u2013 Gelebte Demokratie im Schulalltag\u00a0&#x1f5f3;&#xfe0f;\u00a0 Im\u00a0Oktober\u00a0lernte die MK5, was Wahlen in \u00d6sterreich bedeuten und warum sie f\u00fcr die Demokratie wichtig sind. Danach wurde besprochen,\u00a0welche Eigenschaften einen guten Klassensprecher ausmachen.\u00a0\u00a0 Die Sch\u00fclerinnen und Sch\u00fcler \u00fcberlegten, ob sie sich das Amt zutrauen, erstellten ein\u00a0eigenes Wahlprogramm\u00a0und gestalteten\u00a0Wahlplakate auf ihren Tablets.\u00a0In einer\u00a0Fragerunde\u00a0beantworteten<\/p>\n","protected":false},"author":2,"featured_media":0,"parent":0,"menu_order":0,"comment_status":"closed","ping_status":"closed","template":"","meta":{"footnotes":""},"class_list":["post-760","page","type-page","status-publish","hentry"],"_links":{"self":[{"href":"https:\/\/asositzendorf.ac.at\/index.php?rest_route=\/wp\/v2\/pages\/760","targetHints":{"allow":["GET"]}}],"collection":[{"href":"https:\/\/asositzendorf.ac.at\/index.php?rest_route=\/wp\/v2\/pages"}],"about":[{"href":"https:\/\/asositzendorf.ac.at\/index.php?rest_route=\/wp\/v2\/types\/page"}],"author":[{"embeddable":true,"href":"https:\/\/asositzendorf.ac.at\/index.php?rest_route=\/wp\/v2\/users\/2"}],"replies":[{"embeddable":true,"href":"https:\/\/asositzendorf.ac.at\/index.php?rest_route=%2Fwp%2Fv2%2Fcomments&post=760"}],"version-history":[{"count":1,"href":"https:\/\/asositzendorf.ac.at\/index.php?rest_route=\/wp\/v2\/pages\/760\/revisions"}],"predecessor-version":[{"id":762,"href":"https:\/\/asositzendorf.ac.at\/index.php?rest_route=\/wp\/v2\/pages\/760\/revisions\/762"}],"wp:attachment":[{"href":"https:\/\/asositzendorf.ac.at\/index.php?rest_route=%2Fwp%2Fv2%2Fmedia&parent=760"}],"curies":[{"name":"wp","href":"https:\/\/api.w.org\/{rel}","templated":true}]}}